{"id":1994,"date":"2015-05-27T07:00:39","date_gmt":"2015-05-27T07:00:39","guid":{"rendered":"http:\/\/eipeldauer.at\/garten\/?page_id=1994"},"modified":"2023-12-18T13:32:07","modified_gmt":"2023-12-18T13:32:07","slug":"referenzen","status":"publish","type":"page","link":"https:\/\/eipeldauer.at\/garten\/referenzen\/","title":{"rendered":"Referenzen"},"content":{"rendered":"<div class=\"fancy_list_wrapper\">\n<div class=\"one_third fancy_list_item\"><!-- *******************1************************ --><\/p>\n<div class=\"fancy_image\">\n<a href=\"https:\/\/eipeldauer.at\/garten\/portfolio\/oben\/\"><br \/>\n<img decoding=\"async\" alt=\"Dachgarten Kagran\" src=\"https:\/\/eipeldauer.at\/garten\/wp-content\/themes\/natural\/lib\/timthumb.php?src=https:\/\/eipeldauer.at\/garten\/wp-content\/uploads\/100_0090_dach-kagran.jpg&#038;w=370&#038;h=200&#038;zc=1\"><br \/>\n<\/a><\/p>\n<\/div>\n<h3>\n<a href=\"https:\/\/eipeldauer.at\/garten\/portfolio\/oben\/\">DACHGARTEN<\/a><br \/>\n<\/h3>\n<div class=\"fancy_categories\">\n<a rel=\"tag\" href=\"https:\/\/eipeldauer.at\/garten\/portfolio\/oben\/\">Dachbalkon, Dachbegr\u00fcnung, Dachgarten, Dachterrasse<\/a>\n<\/div>\n<\/div>\n<div class=\"one_third fancy_list_item\"><!-- *******************2************************ --><\/p>\n<div class=\"fancy_image\">\n<a href=\"https:\/\/eipeldauer.at\/garten\/portfolio\/eben\/\"><br \/>\n<img decoding=\"async\" alt=\"Garten\" title=\"Garten\" src=\"https:\/\/eipeldauer.at\/garten\/wp-content\/themes\/natural\/lib\/timthumb.php?src=https:\/\/eipeldauer.at\/garten\/wp-content\/uploads\/GG-116-1649_IMG-A.jpg&#038;w=370&#038;h=200&#038;zc=1\"><br \/>\n<\/a>\n<\/div>\n<h3>\n<a href=\"https:\/\/eipeldauer.at\/garten\/portfolio\/eben\/\">GARTEN<\/a><br \/>\n<\/h3>\n<div class=\"fancy_categories\">\n<a rel=\"tag\" href=\"https:\/\/eipeldauer.at\/garten\/portfolio\/eben\/\"> Bepflanzung, Garten, Gr\u00fcnanlage<\/a>\n<\/div>\n<\/div>\n<div class=\"one_third last fancy_list_item\"><!-- *******************3************************ --><\/p>\n<div class=\"fancy_image\">\n<a href=\"https:\/\/eipeldauer.at\/garten\/portfolio\/exotisch\/\"><br \/>\n<img decoding=\"async\" alt=\"Themengarten\" src=\"https:\/\/eipeldauer.at\/garten\/wp-content\/themes\/natural\/lib\/timthumb.php?src=https:\/\/eipeldauer.at\/garten\/wp-content\/uploads\/EXO-MEV01078.jpg&#038;w=370&#038;h=200&#038;zc=1\"><br \/>\n<\/a>\n<\/div>\n<h3>\n<a href=\"https:\/\/eipeldauer.at\/garten\/portfolio\/exotisch\/\">THEMENGARTEN<\/a><br \/>\n<\/h3>\n<div class=\"fancy_categories\">\n<a rel=\"tag\" href=\"https:\/\/eipeldauer.at\/garten\/portfolio\/exotisch\/\">Englischer Garten, Franz\u00f6sischer Garten, Japanischer Garten, Ziergarten<\/a>\n<\/div>\n<\/div>\n<div class=\"one_third fancy_list_item\"><!-- *******************4************************ --><\/p>\n<div class=\"fancy_image\">\n<a href=\"https:\/\/eipeldauer.at\/garten\/portfolio\/hoelzern\/\"><br \/>\n<img decoding=\"async\" alt=\"H\u00d6LZERN\" src=\"https:\/\/eipeldauer.at\/garten\/wp-content\/themes\/natural\/lib\/timthumb.php?src=https:\/\/eipeldauer.at\/garten\/wp-content\/uploads\/HOLZ-100-0029_STB.jpg&#038;w=370&#038;h=200&#038;zc=1\"><br \/>\n<\/a>\n<\/div>\n<h3>\n<a href=\"https:\/\/eipeldauer.at\/garten\/portfolio\/hoelzern\/\">HOLZ IM GARTEN<\/a><br \/>\n<\/h3>\n<div class=\"fancy_categories\">\n<a rel=\"tag\" href=\"https:\/\/eipeldauer.at\/garten\/portfolio\/hoelzern\/\">Br\u00fccke, Hangverbauung, Holzliegeplatz, Holzplateau, Holzweg<\/a>\n<\/div>\n<\/div>\n<div class=\"one_third fancy_list_item\"><!-- *******************5************************ --><\/p>\n<div class=\"fancy_image\">\n<a href=\"https:\/\/eipeldauer.at\/garten\/portfolio\/steinern\/\"><br \/>\n<img decoding=\"async\" alt=\"STEINERN\" src=\"https:\/\/eipeldauer.at\/garten\/wp-content\/themes\/natural\/lib\/timthumb.php?src=https:\/\/eipeldauer.at\/garten\/wp-content\/uploads\/STEIN-128-2869_IMG.jpg&#038;w=370&#038;h=200&#038;zc=1\"><br \/>\n<\/a>\n<\/div>\n<h3>\n<a href=\"https:\/\/eipeldauer.at\/garten\/portfolio\/steinern\/\">STEIN IM GARTEN<\/a><br \/>\n<\/h3>\n<div class=\"fancy_categories\">\n<a rel=\"tag\" href=\"https:\/\/eipeldauer.at\/garten\/portfolio\/steinern\/\">Hangbefestigung, Steingarten, Steinkunst, Steinmauer<\/a>\n<\/div>\n<\/div>\n<div class=\"one_third last fancy_list_item\"><!-- *******************6************************ --><\/p>\n<div class=\"fancy_image\">\n<a href=\"https:\/\/eipeldauer.at\/garten\/portfolio\/aquatisch\/\"><br \/>\n<img decoding=\"async\" alt=\"AQUATISCH\" title=\"Wasser im Garten\" src=\"https:\/\/eipeldauer.at\/garten\/wp-content\/themes\/natural\/lib\/timthumb.php?src=https:\/\/eipeldauer.at\/garten\/wp-content\/uploads\/AQUA-20050416_0001liegestuhlrot.jpg&#038;w=370&#038;h=200&#038;zc=1\"><br \/>\n<\/a>\n<\/div>\n<h3>\n<a href=\"https:\/\/eipeldauer.at\/garten\/portfolio\/aquatisch\/\">WASSER IM GARTEN<\/a><br \/>\n<\/h3>\n<div class=\"fancy_categories\">\n<a rel=\"tag\" href=\"https:\/\/eipeldauer.at\/garten\/portfolio\/aquatisch\/\"> Aquaconsult, Bew\u00e4sserung, Biotop, Wasserlauf<\/a>\n<\/div>\n<\/div>\n<div class=\"clear\"><\/div>\n<\/div>\n","protected":false},"excerpt":{"rendered":"<p>DACHGARTEN Dachbalkon, Dachbegr\u00fcnung, Dachgarten, Dachterrasse GARTEN Bepflanzung, Garten, Gr\u00fcnanlage THEMENGARTEN Englischer Garten, Franz\u00f6sischer Garten, Japanischer Garten, Ziergarten HOLZ IM GARTEN Br\u00fccke, Hangverbauung, Holzliegeplatz, Holzplateau, Holzweg STEIN IM GARTEN Hangbefestigung, Steingarten, Steinkunst, Steinmauer WASSER IM GARTEN Aquaconsult, Bew\u00e4sserung, Biotop, Wasserlauf<\/p>\n","protected":false},"author":1,"featured_media":0,"parent":0,"menu_order":0,"comment_status":"closed","ping_status":"closed","template":"","meta":{"footnotes":""},"_links":{"self":[{"href":"https:\/\/eipeldauer.at\/garten\/wp-json\/wp\/v2\/pages\/1994"}],"collection":[{"href":"https:\/\/eipeldauer.at\/garten\/wp-json\/wp\/v2\/pages"}],"about":[{"href":"https:\/\/eipeldauer.at\/garten\/wp-json\/wp\/v2\/types\/page"}],"author":[{"embeddable":true,"href":"https:\/\/eipeldauer.at\/garten\/wp-json\/wp\/v2\/users\/1"}],"replies":[{"embeddable":true,"href":"https:\/\/eipeldauer.at\/garten\/wp-json\/wp\/v2\/comments?post=1994"}],"version-history":[{"count":4,"href":"https:\/\/eipeldauer.at\/garten\/wp-json\/wp\/v2\/pages\/1994\/revisions"}],"predecessor-version":[{"id":2081,"href":"https:\/\/eipeldauer.at\/garten\/wp-json\/wp\/v2\/pages\/1994\/revisions\/2081"}],"wp:attachment":[{"href":"https:\/\/eipeldauer.at\/garten\/wp-json\/wp\/v2\/media?parent=1994"}],"curies":[{"name":"wp","href":"https:\/\/api.w.org\/{rel}","templated":true}]}}