{"id":1899,"date":"2015-03-16T16:50:56","date_gmt":"2015-03-16T16:50:56","guid":{"rendered":"http:\/\/eipeldauer.at\/garten\/?page_id=1899"},"modified":"2023-12-18T13:31:49","modified_gmt":"2023-12-18T13:31:49","slug":"impressum","status":"publish","type":"page","link":"https:\/\/eipeldauer.at\/garten\/impressum\/","title":{"rendered":"Impressum"},"content":{"rendered":"<div class=\"one_third\">\n<h2 class=\"fancy-header\"><span>Verantwortlich f\u00fcr den Inhalt<\/span><\/h2>\n<\/div>\n<div class=\"two_third last\">\n<p>Firmenname:<br \/>\nING. HERBERT EIPELDAUER<br \/>\nGarten- und Landschaftsbau GmbH<\/p>\n<p>Gesch\u00e4ftsf\u00fchrung:<br \/>\nHerbert Eipeldauer<\/p>\n<p>Adresse:<br \/>\nWaldvogelstra\u00dfe 18-24\/19\/2<br \/>\n1130 Wien<\/p>\n<p>Tel. +43 (0)1 877 81 56<br \/>\nFax +43 (0)1 877 53 42-11<\/p>\n<p>E-Mail: <a href=\"mailto:eipeldauer@eipeldauer.at\">eipeldauer@eipeldauer.at<\/a><\/p>\n<p>Aufsichtsbeh\u00f6rde: Magistratisches Bezirksamt- 13. Bezirk<\/p>\n<p>Berufsbezeichnung: G\u00e4rtner, Friedhofsg\u00e4rtner, Garten- und Gr\u00fcnfl\u00e4chengestalter, Landschaftsbau, Ingenieurb\u00fcro<\/p>\n<p>Kammer: Wirtschaftskammer Wien<\/p>\n<p>Berechtigung verliehen in \u00d6sterreich<\/p>\n<p>Firmenbuchnumer: FB 169877w<br \/>\nUID Nummer: ATU 44941505<br \/>\nGericht: Wien<\/p>\n<\/div>\n<div class=\"clear\"><\/div>\n<div class=\"one_third\">\n<h2 class=\"fancy-header\"><span>Datenschutzerkl\u00e4rung DSGVO<\/span><\/h2>\n<\/div>\n<div class=\"two_third last\">\n<p>Personenbezogene Daten (nachfolgend zumeist nur \u201eDaten\u201c genannt) werden von uns nur im Rahmen der Erforderlichkeit sowie zum Zwecke der Bereitstellung eines funktionsf\u00e4higen und nutzerfreundlichen Internetauftritts, inklusive seiner Inhalte und der dort angebotenen Leistungen, verarbeitet.<br \/>\nGem\u00e4\u00df Art. 4 Ziffer 1. der Verordnung (EU) 2016\/679, also der Datenschutz-Grundverordnung (nachfolgend nur \u201eDSGVO\u201c genannt), gilt als \u201eVerarbeitung\u201c jedes mit oder ohne Hilfe automatisierte Verfahren, ausgef\u00fchrter Vorgang oder jede solche Vorgangsreihe im Zusammenhang mit personenbezogenen Daten, wie das Erheben, das Erfassen, die Organisation, das Ordnen, die Speicherung, die Anpassung oder Ver\u00e4nderung, das Auslesen, das Abfragen, die Verwendung, die Offenlegung durch \u00dcbermittlung, Verbreitung oder eine andere Form der Bereitstellung, den Abgleich oder die Verkn\u00fcpfung, die Einschr\u00e4nkung, das L\u00f6schen oder die Vernichtung.<br \/>\nMit der nachfolgenden Datenschutzerkl\u00e4rung informieren wir Sie insbesonders \u00fcber Art, Umfang, Zweck, Dauer und Rechtsgrundlage der Verarbeitung personenbezogener Daten, f\u00fcr die wir verantwortlich sind. Zudem informieren wir Sie nachfolgend \u00fcber die von uns zu Optimierungszwecken sowie zur Steigerung der Nutzungsqualit\u00e4t eingesetzten Fremdkomponenten, soweit hierdurch Dritte Daten in wiederum eigener Verantwortung verarbeitet werden.<\/p>\n<p>Unsere Datenschutzerkl\u00e4rung ist wie folgt gegliedert:<br \/>\nI. Informationen \u00fcber uns als Verantwortliche<br \/>\nII. Rechte der Nutzer und Betroffenen<br \/>\nIII. Informationen zur Datenverarbeitung<\/p>\n<p><strong>I. Informationen \u00fcber uns als Verantwortliche<\/strong><br \/>\nVerantwortlicher Anbieter dieses Internetauftritts im datenschutzrechtlichen Sinne ist:<br \/>\nIng. Herbert Eipeldauer Garten- und Landschaftsbau GmbH<br \/>\nKommR Herbert Eipeldauer<br \/>\nWaldvogelstra\u00dfe 18-24\/19\/2<br \/>\n1130 Wien<br \/>\nTel. 018778156<br \/>\nE-Mail: eipeldauer@eipeldauer.at<\/p>\n<p><strong>II. Rechte der Nutzer und Betroffenen<\/strong><br \/>\nMit Blick auf die nachfolgend noch n\u00e4her beschriebene Datenverarbeitung haben die Nutzer und Betroffenen das Recht<br \/>\n\u2022 auf Best\u00e4tigung, ob die betreffenden Daten verarbeitet werden, auf Auskunft \u00fcber die verarbeiteten Daten, auf weitere Informationen \u00fcber die Datenverarbeitung sowie auf Kopien der Daten (vgl. auch Art. 15 DSGVO).<br \/>\n\u2022 auf Berichtigung oder Vervollst\u00e4ndigung unrichtiger bzw. unvollst\u00e4ndiger Daten (vgl. auch Art. 16 DSGVO).<br \/>\n\u2022 auf unverz\u00fcgliche L\u00f6schung der sie betreffenden Daten (vgl. auch Art. 17 DSGVO) oder alternativ, soweit eine weitere Verarbeitung gem\u00e4\u00df Art. 17 Abs. 3 DSGVO erforderlich ist, auf Einschr\u00e4nkung der Verarbeitung nach Ma\u00dfgabe von Art. 18 DSGVO.<br \/>\n\u2022 auf Erhalt der sie betreffenden und von ihnen bereitgestellten Daten und auf \u00dcbermittlung dieser Daten an andere Anbieter\/Verantwortliche (vgl. auch Art. 20 DSGVO).<br \/>\n\u2022 auf Beschwerde gegen\u00fcber der Aufsichtsbeh\u00f6rde, sofern sie der Ansicht sind, dass die sie betreffenden Daten durch den Anbieter unter Versto\u00df gegen datenschutzrechtliche Bestimmungen verarbeitet werden (vgl. auch Art. 77 DSGVO).<br \/>\nDar\u00fcber hinaus ist der Anbieter dazu verpflichtet, alle Empf\u00e4nger, denen gegen\u00fcber Daten durch den Anbieter offengelegt worden sind, \u00fcber jedwede Berichtigung oder L\u00f6schung von Daten oder die Einschr\u00e4nkung der Verarbeitung, die aufgrund der Artikel 16, 17 Abs. 1, 18 DSGVO erfolgt, zu unterrichten. Diese Verpflichtung besteht jedoch nicht, soweit diese Mitteilung unm\u00f6glich oder mit einem unverh\u00e4ltnism\u00e4\u00dfigen Aufwand verbunden ist. Unbeschadet dessen hat der Nutzer ein Recht auf Auskunft \u00fcber diese Empf\u00e4nger.<br \/>\n<strong>Ebenfalls haben die Nutzer und Betroffenen nach Art. 21 DSGVO das Recht auf Widerspruch gegen die k\u00fcnftige Verarbeitung der sie betreffenden Daten, sofern die Daten durch den Anbieter nach Ma\u00dfgabe von Art. 6 Abs. 1 lit. f) DSGVO verarbeitet werden. Insbesondere ist ein Widerspruch gegen die Datenverarbeitung zum Zwecke der Direktwerbung statthaft.<\/strong><\/p>\n<p><strong>III. Informationen zur Datenverarbeitung<\/strong><br \/>\nIhre bei Nutzung unseres Internetauftritts verarbeiteten Daten werden gel\u00f6scht oder gesperrt, sobald der Zweck der Speicherung entf\u00e4llt, der L\u00f6schung der Daten keine gesetzlichen Aufbewahrungspflichten entgegenstehen und nachfolgend keine anderslautenden Angaben zu einzelnen Verarbeitungsverfahren gemacht werden.<\/p>\n<p>Serverdaten<br \/>\nAus technischen Gr\u00fcnden, insbesondere zur Gew\u00e4hrleistung eines sicheren und stabilen Internetauftritts, werden Daten durch Ihren Internet-Browser an uns bzw. an unseren Webspace-Provider \u00fcbermittelt. Mit diesen sog. Server-Logfiles werden u.a. Typ und Version Ihres Internetbrowsers, das Betriebssystem, die Website, von der aus Sie auf unseren Internetauftritt gewechselt haben (Referrer URL), die Website(s) unseres Internetauftritts, die Sie besuchen, Datum und Uhrzeit des jeweiligen Zugriffs sowie die IP-Adresse des Internetanschlusses, von dem aus die Nutzung unseres Internetauftritts erfolgt, erhoben.<br \/>\nDiese so erhobenen Daten werden vorr\u00fcbergehend gespeichert, dies jedoch nicht gemeinsam mit anderen Daten von Ihnen.<br \/>\nDiese Speicherung erfolgt auf der Rechtsgrundlage von Art. 6 Abs. 1 lit. f) DSGVO. Unser berechtigtes Interesse liegt in der Verbesserung, Stabilit\u00e4t, Funktionalit\u00e4t und Sicherheit unseres Internetauftritts.<br \/>\nDie Daten werden sp\u00e4testens nach sieben Tage wieder gel\u00f6scht, soweit keine weitere Aufbewahrung zu Beweiszwecken erforderlich ist. Andernfalls sind die Daten bis zur endg\u00fcltigen Kl\u00e4rung eines Vorfalls ganz oder teilweise von der L\u00f6schung ausgenommen.<\/p>\n<p>Cookies<br \/>\na) Sitzungs-Cookies\/Session-Cookies<br \/>\nWir verwenden mit unserem Internetauftritt sog. Cookies. Cookies sind kleine Textdateien oder andere Speichertechnologien, die durch den von Ihnen eingesetzten Internet-Browser auf Ihrem Endger\u00e4t ablegt und gespeichert werden. Durch diese Cookies werden im individuellen Umfang bestimmte Informationen von Ihnen, wie beispielsweise Ihre Browser- oder Standortdaten oder Ihre IP-Adresse, verarbeitet.<br \/>\nDurch diese Verarbeitung wird unser Internetauftritt benutzerfreundlicher, effektiver und sicherer, da die Verarbeitung bspw. die Wiedergabe unseres Internetauftritts in unterschiedlichen Sprachen oder das Angebot einer Warenkorbfunktion erm\u00f6glicht.<br \/>\nRechtsgrundlage dieser Verarbeitung ist Art. 6 Abs. 1 lit b DSGVO, sofern diese Cookies Daten zur Vertragsanbahnung oder Vertragsabwicklung verarbeitet werden.<br \/>\nFalls die Verarbeitung nicht der Vertragsanbahnung oder Vertragsabwicklung dient, liegt unser berechtigtes Interesse in der Verbesserung der Funktionalit\u00e4t unseres Internetauftritts. Rechtsgrundlage ist in dann Art. 6 Abs. 1 lit. f DSGVO.<br \/>\nMit Schlie\u00dfen Ihres Internet-Browsers werden diese Session-Cookies gel\u00f6scht.<br \/>\nb) Drittanbieter-Cookies<br \/>\nGegebenenfalls werden mit unserem Internetauftritt auch Cookies von Partnerunternehmen, mit denen wir zum Zwecke der Werbung, der Analyse oder der Funktionalit\u00e4ten unseres Internetauftritts zusammenarbeiten, verwendet.<br \/>\nDie Einzelheiten hierzu, insbesondere zu den Zwecken und den Rechtsgrundlagen der Verarbeitung solcher Drittanbieter-Cookies, entnehmen Sie bitte den nachfolgenden Informationen.<br \/>\nc) Beseitigungsm\u00f6glichkeit<br \/>\nSie k\u00f6nnen die Installation der Cookies durch eine Einstellung Ihres Internet-Browsers verhindern oder einschr\u00e4nken. Ebenfalls k\u00f6nnen Sie bereits gespeicherte Cookies jederzeit l\u00f6schen. Die hierf\u00fcr erforderlichen Schritte und Ma\u00dfnahmen h\u00e4ngen jedoch von Ihrem konkret genutzten Internet-Browser ab. Bei Fragen benutzen Sie daher bitte die Hilfefunktion oder Dokumentation Ihres Internet-Browsers oder wenden sich an dessen Hersteller bzw. Support. Bei sog. Flash-Cookies kann die Verarbeitung allerdings nicht \u00fcber die Einstellungen des Browsers unterbunden werden. Stattdessen m\u00fcssen Sie insoweit die Einstellung Ihres Flash-Players \u00e4ndern. Auch die hierf\u00fcr erforderlichen Schritte und Ma\u00dfnahmen h\u00e4ngen von Ihrem konkret genutzten Flash-Player ab. Bei Fragen benutzen Sie daher bitte ebenso die Hilfefunktion oder Dokumentation Ihres Flash-Players oder wenden sich an den Hersteller bzw. Benutzer-Support.<br \/>\nSollten Sie die Installation der Cookies verhindern oder einschr\u00e4nken, kann dies allerdings dazu f\u00fchren, dass nicht s\u00e4mtliche Funktionen unseres Internetauftritts vollumf\u00e4nglich nutzbar sind.<\/p>\n<p>Vertragsabwicklung<br \/>\nDie von Ihnen zur Inanspruchnahme unseres Waren- und\/oder Dienstleistungsangebots \u00fcbermittelten Daten werden von uns zum Zwecke der Vertragsabwicklung verarbeitet und sind insoweit erforderlich. Vertragsschluss und Vertragsabwicklung sind ohne Bereitstellung Ihrer Daten nicht m\u00f6glich.<br \/>\nRechtsgrundlage f\u00fcr die Verarbeitung ist Art. 6 Abs. 1 lit. b DSGVO.<br \/>\nWir l\u00f6schen die Daten mit vollst\u00e4ndiger Vertragsabwicklung, m\u00fcssen dabei aber die Haftungs-, Steuer- und Handelsrechtlichen Aufbewahrungsfristen beachten.<br \/>\nIm Rahmen der Vertragsabwicklung geben wir Ihre Daten an das mit der Warenlieferung beauftragte Transportunternehmen oder an den Finanzdienstleister weiter, soweit die Weitergabe zur Warenauslieferung oder zu Bezahlzwecken erforderlich ist.<br \/>\nRechtsgrundlage f\u00fcr die Weitergabe der Daten ist dann Art. 6 Abs. 1 lit. b DSGVO.<\/p>\n<\/div>\n<div class=\"clear\"><\/div>\n<div class=\"one_third\">\n<h2 class=\"fancy-header\"><span>Copyright<\/span><\/h2>\n<\/div>\n<div class=\"two_third last\">\n<p>Auf dieser Website ver\u00f6ffentlichte Inhalte (Text- und Bildmaterial) unterliegen dem Urheberrecht. Jede nicht autorisierte Verwertung bedarf der vorherigen schriftlichen Zustimmung des Rechteinhabers. Dies gilt insbesondere f\u00fcr Vervielf\u00e4ltigung, Bearbeitung, \u00dcbersetzung, Einspeicherung, Verarbeitung bzw. Wiedergabe von Inhalten in Datenbanken oder anderen elektronischen Medien und Systemen. Die unerlaubte Vervielf\u00e4ltigung oder Weitergabe einzelner Inhalte oder kompletter Seiten ist nicht gestattet und strafbar. Lediglich die Herstellung von Kopien und Downloads f\u00fcr den pers\u00f6nlichen, privaten und nicht kommerziellen Gebrauch ist erlaubt.<\/p>\n<\/div>\n<div class=\"clear\"><\/div>\n<div class=\"one_third\"><\/div>\n<div class=\"two_third last\">\n<p>Design &amp; Umsetzung:<br \/>\nSch\u00f6flinger &amp; Eschlb\u00f6ck<\/p>\n<\/div>\n<div class=\"clear\"><\/div>\n","protected":false},"excerpt":{"rendered":"","protected":false},"author":1,"featured_media":0,"parent":0,"menu_order":0,"comment_status":"closed","ping_status":"closed","template":"","meta":{"footnotes":""},"_links":{"self":[{"href":"https:\/\/eipeldauer.at\/garten\/wp-json\/wp\/v2\/pages\/1899"}],"collection":[{"href":"https:\/\/eipeldauer.at\/garten\/wp-json\/wp\/v2\/pages"}],"about":[{"href":"https:\/\/eipeldauer.at\/garten\/wp-json\/wp\/v2\/types\/page"}],"author":[{"embeddable":true,"href":"https:\/\/eipeldauer.at\/garten\/wp-json\/wp\/v2\/users\/1"}],"replies":[{"embeddable":true,"href":"https:\/\/eipeldauer.at\/garten\/wp-json\/wp\/v2\/comments?post=1899"}],"version-history":[{"count":11,"href":"https:\/\/eipeldauer.at\/garten\/wp-json\/wp\/v2\/pages\/1899\/revisions"}],"predecessor-version":[{"id":2136,"href":"https:\/\/eipeldauer.at\/garten\/wp-json\/wp\/v2\/pages\/1899\/revisions\/2136"}],"wp:attachment":[{"href":"https:\/\/eipeldauer.at\/garten\/wp-json\/wp\/v2\/media?parent=1899"}],"curies":[{"name":"wp","href":"https:\/\/api.w.org\/{rel}","templated":true}]}}