{"id":1875,"date":"2015-03-16T15:30:09","date_gmt":"2015-03-16T15:30:09","guid":{"rendered":"http:\/\/eipeldauer.at\/garten\/?page_id=1875"},"modified":"2023-12-18T13:32:01","modified_gmt":"2023-12-18T13:32:01","slug":"leistungen","status":"publish","type":"page","link":"https:\/\/eipeldauer.at\/garten\/leistungen\/","title":{"rendered":"Leistungen"},"content":{"rendered":"<p><a href=\"https:\/\/eipeldauer.at\/garten\/leistungen\/leistungen_mev12021-2\/\" rel=\"attachment wp-att-1905\"><img loading=\"lazy\" decoding=\"async\" class=\"alignnone size-full wp-image-1905\" src=\"https:\/\/eipeldauer.at\/garten\/wp-content\/uploads\/LEISTUNGEN_MEV120211.jpg\" alt=\"\" width=\"1170\" height=\"400\" srcset=\"https:\/\/eipeldauer.at\/garten\/wp-content\/uploads\/LEISTUNGEN_MEV120211.jpg 1170w, https:\/\/eipeldauer.at\/garten\/wp-content\/uploads\/LEISTUNGEN_MEV120211-300x103.jpg 300w, https:\/\/eipeldauer.at\/garten\/wp-content\/uploads\/LEISTUNGEN_MEV120211-1024x350.jpg 1024w\" sizes=\"(max-width: 1170px) 100vw, 1170px\" \/><\/a><\/p>\n<p>&nbsp;<\/p>\n<div class=\"one_fourth\">\n<h2 class=\"fancy-header\"><span>Gartenplanung<\/span><\/h2>\n<div class=\"one_third\"><\/div>\n<div class=\"icon-box icon-big center\">\n<div><img decoding=\"async\" src=\"https:\/\/eipeldauer.at\/garten\/wp-content\/themes\/natural\/images\/icons\/black\/clipboard.png\" class=\"icon center\" alt=\"Beratung\/Planung\" \/><\/div>\n<div class=\"icon-desc center\">\n<h2>Beratung\/Planung<\/h2>\n<div><span>Nach Ihren Vorstellungen \u2013 mit unseren kreativen Ideen.<\/span><\/div>\n<\/div>\n<\/div>\n<p>Ob Garten- und Landschaftsplanung, Dach- oder Winterg\u00e4rten, das mystische Ambiente eines Japanischen Gartens, die Traumwelt eines Arboretums (Sammlung verschiedenartiger, meist exotischer Geh\u00f6lze) und der Zauber bunter, duftender Blumen.<\/p>\n<p>Unser Team plant Ihren ganz individuellen Wunschgarten.<\/p>\n<\/div>\n<div class=\"one_fourth\">\n<h2 class=\"fancy-header\"><span>Gartengestaltung<\/span><\/h2>\n<div class=\"one_third\"><\/div>\n<div class=\"icon-box icon-big center\">\n<div><img decoding=\"async\" src=\"https:\/\/eipeldauer.at\/garten\/wp-content\/themes\/natural\/images\/icons\/black\/flower.png\" class=\"icon center\" alt=\"Gestaltung\/Design\" \/><\/div>\n<div class=\"icon-desc center\">\n<h2>Gestaltung\/Design<\/h2>\n<div><span>Von der Beratung bis zum <\/br>vielseitigen Design.<\/span><\/div>\n<\/div>\n<\/div>\n<p>Genie\u00dfen Sie die Farbenpracht der Pflanzen, den Duft der Bl\u00fcten. Tauchen Sie in Ihren klaren Schwimmteich, erleben Sie Natur pur am Biotop und lauschen Sie dem Pl\u00e4tschern des Bachlaufes. Lassen Sie die Seele unter Ihrem Lieblingsbaum baumeln oder finden Sie Ruhe am lauschigen Holzsteg. Befolgen Sie die sieben goldenen Regeln der Entschleunigung \u201elangsam gehen, ruhen, bewusst essen, im Hier und Jetzt leben, bewegen, eine Auszeit nehmen und aufmerksam h\u00f6ren&#8220; in Ihrer Oase Zuhause.<\/p>\n<\/div>\n<div class=\"one_fourth\">\n<h2 class=\"fancy-header\"><span>Saison-Betreuung<\/span><\/h2>\n<div class=\"one_third\"><\/div>\n<div class=\"icon-box icon-big center\">\n<div><img decoding=\"async\" src=\"https:\/\/eipeldauer.at\/garten\/wp-content\/themes\/natural\/images\/icons\/black\/drop.png\" class=\"icon center\" alt=\"Pflege\/Nachbetreuung\" \/><\/div>\n<div class=\"icon-desc center\">\n<h2>Pflege\/Nachbetreuung<\/h2>\n<div><span>Termingerechte, verl\u00e4ssliche Gartenpflege vom Fachmann.<\/span><\/div>\n<\/div>\n<\/div>\n<p>Wir sind seit Generationen die Kosmetiker des Garten. Wir lichten Ihre Kronen und sorgen f\u00fcr die richtige Bew\u00e4sserungsart, egal ob Tropfschlauch oder Versenk-Beregnung. Wir pflegen Ihren Rasen, schneiden Ihre Hecke, B\u00e4ume und Str\u00e4ucher. Wir vertikutieren Ihren Rasen und suchen f\u00fcr Sie rare oder exotische Pflanzen wie die Volemia, die erst 1992 in Australien entdeckt wurde. Selbst wenn es einmal n\u00f6tig wird, einen Baum zu entfernen, k\u00f6nnen Sie sich auf unsere langj\u00e4hrige Erfahrung und unsere Professionalit\u00e4t verlassen.<\/p>\n<\/div>\n<div class=\"one_fourth last\">\n<h2 class=\"fancy-header\"><span>Aus einer Hand<\/span><\/h2>\n<div class=\"one_third\"><\/div>\n<div class=\"icon-box icon-big center\">\n<div><img decoding=\"async\" src=\"https:\/\/eipeldauer.at\/garten\/wp-content\/themes\/natural\/images\/icons\/black\/star.png\" class=\"icon center\" alt=\"Umsetzung\/Formwerdung\" \/><\/div>\n<div class=\"icon-desc center\">\n<h2>Umsetzung\/Formwerdung<\/h2>\n<div><span>Ihr Generalist in allen <\/br>Gartenfragen.<\/span><\/div>\n<\/div>\n<\/div>\n<p>Abgesehen von vollst\u00e4ndiger Neuinszenierung und Umsetzung Ihres Gartentraums, helfen wir Ihnen auch bei Umgestaltungen oder Erg\u00e4nzungen. Phantasievolle Wasserl\u00e4ufe, ideenreiche Holzarbeiten, n\u00fctzliche Steinarbeiten geh\u00f6ren ebenso zu unserem Repertoire wie passendes Zubeh\u00f6r.<\/p>\n<\/div>\n<div class=\"clear\"><\/div>\n","protected":false},"excerpt":{"rendered":"<p>&nbsp;<\/p>\n","protected":false},"author":1,"featured_media":1905,"parent":0,"menu_order":0,"comment_status":"closed","ping_status":"closed","template":"","meta":{"footnotes":""},"_links":{"self":[{"href":"https:\/\/eipeldauer.at\/garten\/wp-json\/wp\/v2\/pages\/1875"}],"collection":[{"href":"https:\/\/eipeldauer.at\/garten\/wp-json\/wp\/v2\/pages"}],"about":[{"href":"https:\/\/eipeldauer.at\/garten\/wp-json\/wp\/v2\/types\/page"}],"author":[{"embeddable":true,"href":"https:\/\/eipeldauer.at\/garten\/wp-json\/wp\/v2\/users\/1"}],"replies":[{"embeddable":true,"href":"https:\/\/eipeldauer.at\/garten\/wp-json\/wp\/v2\/comments?post=1875"}],"version-history":[{"count":25,"href":"https:\/\/eipeldauer.at\/garten\/wp-json\/wp\/v2\/pages\/1875\/revisions"}],"predecessor-version":[{"id":1915,"href":"https:\/\/eipeldauer.at\/garten\/wp-json\/wp\/v2\/pages\/1875\/revisions\/1915"}],"wp:featuredmedia":[{"embeddable":true,"href":"https:\/\/eipeldauer.at\/garten\/wp-json\/wp\/v2\/media\/1905"}],"wp:attachment":[{"href":"https:\/\/eipeldauer.at\/garten\/wp-json\/wp\/v2\/media?parent=1875"}],"curies":[{"name":"wp","href":"https:\/\/api.w.org\/{rel}","templated":true}]}}